{"id":4221,"date":"2017-07-25T07:01:22","date_gmt":"2017-07-25T07:01:22","guid":{"rendered":"http:\/\/businesslounge-demo.rtthemes.com\/?page_id=4221"},"modified":"2021-07-25T00:24:33","modified_gmt":"2021-07-24T21:24:33","slug":"contact-us","status":"publish","type":"page","link":"https:\/\/kadioglu.com.tr\/en\/contact-us","title":{"rendered":"Contact Us"},"content":{"rendered":"<p>[vc_row rt_row_background_width=&#8221;fullwidth&#8221; rt_row_content_width=&#8221;fullwidth&#8221; rt_row_style=&#8221;default-style&#8221; rt_row_height=&#8221;&#8221; rt_column_gaps=&#8221;&#8221; rt_row_shadows=&#8221;&#8221; rt_row_borders=&#8221;&#8221; rt_bg_effect=&#8221;classic&#8221; rt_bg_image_repeat=&#8221;repeat&#8221; rt_bg_size=&#8221;cover&#8221; rt_bg_position=&#8221;right top&#8221; rt_bg_attachment=&#8221;scroll&#8221; rt_bg_layer=&#8221;&#8221; rt_bg_video_format=&#8221;self-hosted&#8221; rt_class=&#8221;rt-8081335&#8243; rt_paddings=&#8221;0,0,,&#8221; rt_margins=&#8221;,,,&#8221; rt_content_margins=&#8221;,,,&#8221; rt_tablet_paddings=&#8221;,,,&#8221; rt_tablet_margins=&#8221;,,,&#8221; rt_tablet_content_margins=&#8221;,,,&#8221; rt_sp_paddings=&#8221;,,,&#8221; rt_sp_margins=&#8221;,,,&#8221; rt_sp_content_margins=&#8221;,,,&#8221;][vc_column css_animation=&#8221;fadeIn&#8221; rt_bg_effect=&#8221;classic&#8221; rt_bg_image_repeat=&#8221;repeat&#8221; rt_bg_size=&#8221;auto auto&#8221; rt_bg_position=&#8221;right top&#8221; rt_bg_attachment=&#8221;scroll&#8221; rt_class=&#8221;rt-4503268&#8243; rt_margins=&#8221;,&#8221; rt_paddings=&#8221;,,0,0&#8243; rt_wrapper_paddings=&#8221;,,,&#8221; rt_tablet_margins=&#8221;,&#8221; rt_tablet_paddings=&#8221;,,,&#8221; rt_tablet_wrapper_paddings=&#8221;,,,&#8221; rt_sp_margins=&#8221;,&#8221; rt_sp_paddings=&#8221;,,,&#8221; rt_sp_wrapper_paddings=&#8221;,,,&#8221; rt_bg_color=&#8221;&#8221; rt_bg_overlay_color=&#8221;&#8221;]<div class=\"google_map_holder margin-b0\" data-height=\"500\" data-scope=\"#map-758287\" data-bw=\"yes\">\n\n\t\t\t<div id=\"map-758287\" class=\"google_map\"><\/div>\n\t\t\t<script type=\"text\/javascript\">\n\t\t\t \/* <![CDATA[ *\/ \n\t\t\t\t\/\/ Runs google maps\t\n\t\t\t\t\tjQuery(function() {\n\t\t\t\t\t\tjQuery(\"#map-758287\").rt_maps([[\"Kad\u0131o\u011flu Maden\", 41.2137209, 32.6491142, 4,\"Kad\u0131o\u011flu Maden \u0130leti\u015fim Lokasyonu\"],],15); \n\t\t\t\t\t});\n\t\t\t\/* ]]> *\/\t\n\t\t\t<\/script>\n\n\t\t<\/div>[\/vc_column][\/vc_row][vc_row rt_row_background_width=&#8221;fullwidth&#8221; rt_row_content_width=&#8221;default&#8221; rt_row_style=&#8221;default-style&#8221; rt_row_height=&#8221;&#8221; rt_column_gaps=&#8221;&#8221; rt_row_shadows=&#8221;&#8221; rt_row_borders=&#8221;&#8221; rt_bg_effect=&#8221;classic&#8221; rt_bg_image_repeat=&#8221;repeat&#8221; rt_bg_size=&#8221;cover&#8221; rt_bg_position=&#8221;right top&#8221; rt_bg_attachment=&#8221;scroll&#8221; rt_bg_layer=&#8221;&#8221; rt_bg_video_format=&#8221;self-hosted&#8221; rt_class=&#8221;rt-9185638&#8243; rt_paddings=&#8221;,60px,,&#8221; rt_margins=&#8221;,,,&#8221; rt_content_margins=&#8221;,,,&#8221; rt_tablet_paddings=&#8221;,,,&#8221; rt_tablet_margins=&#8221;,,,&#8221; rt_tablet_content_margins=&#8221;,,,&#8221; rt_sp_paddings=&#8221;,,,&#8221; rt_sp_margins=&#8221;,,,&#8221; rt_sp_content_margins=&#8221;,,,&#8221;][vc_column css_animation=&#8221;fadeIn&#8221; width=&#8221;1\/2&#8243; rt_bg_effect=&#8221;classic&#8221; rt_bg_image_repeat=&#8221;repeat&#8221; rt_bg_size=&#8221;auto auto&#8221; rt_bg_position=&#8221;right top&#8221; rt_bg_attachment=&#8221;scroll&#8221; rt_class=&#8221;rt-2593480&#8243; rt_margins=&#8221;-140px,&#8221; rt_paddings=&#8221;,,,&#8221; rt_wrapper_paddings=&#8221;,,,&#8221; rt_tablet_margins=&#8221;20px,&#8221; rt_tablet_paddings=&#8221;,,,&#8221; rt_tablet_wrapper_paddings=&#8221;,,,&#8221; rt_sp_margins=&#8221;20px,&#8221; rt_sp_paddings=&#8221;,,,&#8221; rt_sp_wrapper_paddings=&#8221;,,,&#8221; rt_bg_color=&#8221;&#8221; rt_bg_overlay_color=&#8221;&#8221;]<div class=\"rt-heading-wrapper rt-7774693\">\n\t\t\t\t\t\t<h4 class=\"rt-heading\" >Contact Information<\/h4>\n\t\t\t\t\t<\/div>\t \n\t\t<div  class=\"with_icons style-4 \">\n\t\t\t \n\t\t<div  >\n\t\t<span class=\"icon-basic_geolocalize icon\"><\/span><div class=\"list-content\"><p>Kurtulu\u015f Mahallesi Yeni Sanayi B\u00f6lgesi No : 78 KARAB\u00dcK<\/p>\n<\/div>\n\t\t<\/div>\n\t\t \n\t\t<div  >\n\t\t<span class=\"icon-basic-smartphone icon\"><\/span><div class=\"list-content\"><p>+90 370 424 10 50 &#8211; 413 08 50 &#8211; 413 03 50<\/p>\n<\/div>\n\t\t<\/div>\n\t\t \n\t\t<div  >\n\t\t<span class=\"icon-basic-printer icon\"><\/span><div class=\"list-content\"><p>+90.370 415 66 50<\/p>\n<\/div>\n\t\t<\/div>\n\t\t \n\t\t<div  >\n\t\t<span class=\"icon-basic-support icon\"><\/span><div class=\"list-content\"><p>kadioglu@kadioglu.com.tr<\/p>\n<\/div>\n\t\t<\/div>\n\t\t \n\t\t<div  >\n\t\t<span class=\"icon-basic-mail icon\"><\/span><div class=\"list-content\"><p>info@kadioglu.com.tr<\/p>\n<\/div>\n\t\t<\/div>\n\t\t \n\t\t<div  >\n\t\t<span class=\"icon-basic-map icon\"><\/span><div class=\"list-content\"><p><a href=\"https:\/\/www.google.com\/maps\/place\/KADIO%C4%9ELU+MADENC%C4%B0L%C4%B0K+SAN.+ve+T%C4%B0C.A.%C5%9E.\/@41.214489,32.648978,15z\/data=!4m5!3m4!1s0x0:0xd65a6ccc50823f0c!8m2!3d41.2144885!4d32.6489784?hl=tr-TR\" target=\"_blank\" rel=\"noopener\">Google Maps<\/a><\/p>\n<\/div>\n\t\t<\/div>\n\t\t \n\t\t<div  >\n\t\t<span class=\"icon-address icon\"><\/span><div class=\"list-content\"><p><a href=\"https:\/\/www.google.com\/maps\/place\/KADIO%C4%9ELU+MADENC%C4%B0L%C4%B0K+SAN.+ve+T%C4%B0C.A.%C5%9E.\/@41.214489,32.648978,15z\/data=!4m5!3m4!1s0x0:0xd65a6ccc50823f0c!8m2!3d41.2144885!4d32.6489784?hl=tr-TR\" target=\"_blank\" rel=\"noopener\">41.214489,32.648978<\/a><\/p>\n<\/div>\n\t\t<\/div>\n\t\n\t\t<\/div>\n\t[\/vc_column][vc_column css_animation=&#8221;fadeIn&#8221; width=&#8221;1\/2&#8243; rt_bg_effect=&#8221;classic&#8221; rt_bg_image_repeat=&#8221;repeat&#8221; rt_bg_size=&#8221;auto auto&#8221; rt_bg_position=&#8221;right top&#8221; rt_bg_attachment=&#8221;scroll&#8221; rt_class=&#8221;rt-1854340&#8243; rt_margins=&#8221;-140px,&#8221; rt_paddings=&#8221;,,,&#8221; rt_wrapper_paddings=&#8221;,,,&#8221; rt_tablet_margins=&#8221;20px,&#8221; rt_tablet_paddings=&#8221;,,,&#8221; rt_tablet_wrapper_paddings=&#8221;,,,&#8221; rt_sp_margins=&#8221;20px,&#8221; rt_sp_paddings=&#8221;,,,&#8221; rt_sp_wrapper_paddings=&#8221;,,,&#8221; rt_bg_color=&#8221;&#8221; rt_bg_overlay_color=&#8221;&#8221;]<div class=\"rt-heading-wrapper rt-3362077\">\n\t\t\t\t\t\t<h4 class=\"rt-heading\" >Contact Form<\/h4>\n\t\t\t\t\t<\/div><div role=\"form\" class=\"wpcf7\" id=\"wpcf7-f4921-o1\" lang=\"tr-TR\" dir=\"ltr\">\n<div class=\"screen-reader-response\"><\/div>\n<form action=\"\/en\/wp-json\/wp\/v2\/pages\/4221#wpcf7-f4921-o1\" method=\"post\" class=\"wpcf7-form\" novalidate=\"novalidate\">\n<div style=\"display: none;\">\n<input type=\"hidden\" name=\"_wpcf7\" value=\"4921\" \/>\n<input type=\"hidden\" name=\"_wpcf7_version\" value=\"5.0.5\" \/>\n<input type=\"hidden\" name=\"_wpcf7_locale\" value=\"tr_TR\" \/>\n<input type=\"hidden\" name=\"_wpcf7_unit_tag\" value=\"wpcf7-f4921-o1\" \/>\n<input type=\"hidden\" name=\"_wpcf7_container_post\" value=\"0\" \/>\n<\/div>\n<div class=\"subscription-form\">\n<div class=\"row subscription-form inline\">\n<div class=\"col col-sm-12\">\n<p><span class=\"wpcf7-form-control-wrap ad-soyad\"><input type=\"text\" name=\"ad-soyad\" value=\"\" size=\"40\" class=\"wpcf7-form-control wpcf7-text wpcf7-validates-as-required\" aria-required=\"true\" aria-invalid=\"false\" placeholder=\"Name *\" \/><\/span><\/p>\n<p><\/p>\n<p><span class=\"wpcf7-form-control-wrap cep-no\"><input type=\"tel\" name=\"cep-no\" value=\"\" size=\"40\" class=\"wpcf7-form-control wpcf7-text wpcf7-tel wpcf7-validates-as-required wpcf7-validates-as-tel\" aria-required=\"true\" aria-invalid=\"false\" placeholder=\"Phone *\" \/><\/span><\/p>\n<p><\/p>\n<p><span class=\"wpcf7-form-control-wrap posta-adresi\"><input type=\"email\" name=\"posta-adresi\" value=\"\" size=\"40\" class=\"wpcf7-form-control wpcf7-text wpcf7-email wpcf7-validates-as-required wpcf7-validates-as-email\" aria-required=\"true\" aria-invalid=\"false\" placeholder=\"E-Posta *\" \/><\/span><\/p>\n<p><\/p>\n<p><span class=\"wpcf7-form-control-wrap konu\"><input type=\"text\" name=\"konu\" value=\"\" size=\"40\" class=\"wpcf7-form-control wpcf7-text wpcf7-validates-as-required\" aria-required=\"true\" aria-invalid=\"false\" placeholder=\"Subject *\" \/><\/span><\/p>\n<p><\/p>\n<p><span class=\"wpcf7-form-control-wrap mesaj\"><textarea name=\"mesaj\" cols=\"40\" rows=\"10\" class=\"wpcf7-form-control wpcf7-textarea wpcf7-validates-as-required\" aria-required=\"true\" aria-invalid=\"false\" placeholder=\"Message *\"><\/textarea><\/span><\/p>\n<p>\n\t<\/div>\n<\/div>\n<hr>\n<div class=\"row subscription-form inline\">\n<div class=\"col col-sm-12\">\n<div class=\"wpcf7-form-control-wrap\"><div data-sitekey=\"6LeyyWsUAAAAAIYq7Y0_gQKVU-s7bt3TK0kDqfF3\" class=\"wpcf7-form-control g-recaptcha wpcf7-recaptcha\"><\/div>\n<noscript>\n\t<div style=\"width: 302px; height: 422px;\">\n\t\t<div style=\"width: 302px; height: 422px; position: relative;\">\n\t\t\t<div style=\"width: 302px; height: 422px; position: absolute;\">\n\t\t\t\t<iframe src=\"https:\/\/www.google.com\/recaptcha\/api\/fallback?k=6LeyyWsUAAAAAIYq7Y0_gQKVU-s7bt3TK0kDqfF3\" frameborder=\"0\" scrolling=\"no\" style=\"width: 302px; height:422px; border-style: none;\">\n\t\t\t\t<\/iframe>\n\t\t\t<\/div>\n\t\t\t<div style=\"width: 300px; height: 60px; border-style: none; bottom: 12px; left: 25px; margin: 0px; padding: 0px; right: 25px; background: #f9f9f9; border: 1px solid #c1c1c1; border-radius: 3px;\">\n\t\t\t\t<textarea id=\"g-recaptcha-response\" name=\"g-recaptcha-response\" class=\"g-recaptcha-response\" style=\"width: 250px; height: 40px; border: 1px solid #c1c1c1; margin: 10px 25px; padding: 0px; resize: none;\">\n\t\t\t\t<\/textarea>\n\t\t\t<\/div>\n\t\t<\/div>\n\t<\/div>\n<\/noscript>\n<\/div><\/div>\n<\/div>\n<hr>\n<p><input type=\"submit\" value=\"Submit Form\" class=\"wpcf7-form-control wpcf7-submit\" \/><\/p>\n<\/div>\n<div class=\"wpcf7-response-output wpcf7-display-none\"><\/div><\/form><\/div>[\/vc_column][\/vc_row]<\/p>\n","protected":false},"excerpt":{"rendered":"<p>[vc_row rt_row_background_width=&#8221;fullwidth&#8221; rt_row_content_width=&#8221;fullwidth&#8221; rt_row_style=&#8221;default-style&#8221; rt_row_height=&#8221;&#8221; rt_column_gaps=&#8221;&#8221; rt_row_shadows=&#8221;&#8221; rt_row_borders=&#8221;&#8221; rt_bg_effect=&#8221;classic&#8221; rt_bg_image_repeat=&#8221;repeat&#8221; rt_bg_size=&#8221;cover&#8221; rt_bg_position=&#8221;right top&#8221; rt_bg_attachment=&#8221;scroll&#8221; rt_bg_layer=&#8221;&#8221; rt_bg_video_format=&#8221;self-hosted&#8221; rt_class=&#8221;rt-8081335&#8243; rt_paddings=&#8221;0,0,,&#8221; rt_margins=&#8221;,,,&#8221; rt_content_margins=&#8221;,,,&#8221; rt_tablet_paddings=&#8221;,,,&#8221; rt_tablet_margins=&#8221;,,,&#8221; rt_tablet_content_margins=&#8221;,,,&#8221; rt_sp_paddings=&#8221;,,,&#8221; rt_sp_margins=&#8221;,,,&#8221; rt_sp_content_margins=&#8221;,,,&#8221;][vc_column css_animation=&#8221;fadeIn&#8221; rt_bg_effect=&#8221;classic&#8221; rt_bg_image_repeat=&#8221;repeat&#8221; rt_bg_size=&#8221;auto auto&#8221; rt_bg_position=&#8221;right top&#8221; rt_bg_attachment=&#8221;scroll&#8221; rt_class=&#8221;rt-4503268&#8243; rt_margins=&#8221;,&#8221; rt_paddings=&#8221;,,0,0&#8243; rt_wrapper_paddings=&#8221;,,,&#8221; rt_tablet_margins=&#8221;,&#8221; rt_tablet_paddings=&#8221;,,,&#8221; rt_tablet_wrapper_paddings=&#8221;,,,&#8221; rt_sp_margins=&#8221;,&#8221; rt_sp_paddings=&#8221;,,,&#8221; rt_sp_wrapper_paddings=&#8221;,,,&#8221; rt_bg_color=&#8221;&#8221; rt_bg_overlay_color=&#8221;&#8221;][\/vc_column][\/vc_row][vc_row rt_row_background_width=&#8221;fullwidth&#8221; rt_row_content_width=&#8221;default&#8221; rt_row_style=&#8221;default-style&#8221; rt_row_height=&#8221;&#8221; rt_column_gaps=&#8221;&#8221; rt_row_shadows=&#8221;&#8221; rt_row_borders=&#8221;&#8221; rt_bg_effect=&#8221;classic&#8221; rt_bg_image_repeat=&#8221;repeat&#8221; [&hellip;]<\/p>\n","protected":false},"author":1,"featured_media":0,"parent":0,"menu_order":0,"comment_status":"closed","ping_status":"closed","template":"","meta":{"footnotes":""},"class_list":["post-4221","page","type-page","status-publish","hentry"],"_links":{"self":[{"href":"https:\/\/kadioglu.com.tr\/en\/wp-json\/wp\/v2\/pages\/4221","targetHints":{"allow":["GET"]}}],"collection":[{"href":"https:\/\/kadioglu.com.tr\/en\/wp-json\/wp\/v2\/pages"}],"about":[{"href":"https:\/\/kadioglu.com.tr\/en\/wp-json\/wp\/v2\/types\/page"}],"author":[{"embeddable":true,"href":"https:\/\/kadioglu.com.tr\/en\/wp-json\/wp\/v2\/users\/1"}],"replies":[{"embeddable":true,"href":"https:\/\/kadioglu.com.tr\/en\/wp-json\/wp\/v2\/comments?post=4221"}],"version-history":[{"count":11,"href":"https:\/\/kadioglu.com.tr\/en\/wp-json\/wp\/v2\/pages\/4221\/revisions"}],"predecessor-version":[{"id":5046,"href":"https:\/\/kadioglu.com.tr\/en\/wp-json\/wp\/v2\/pages\/4221\/revisions\/5046"}],"wp:attachment":[{"href":"https:\/\/kadioglu.com.tr\/en\/wp-json\/wp\/v2\/media?parent=4221"}],"curies":[{"name":"wp","href":"https:\/\/api.w.org\/{rel}","templated":true}]}}