{"id":4907,"date":"2018-08-18T13:30:12","date_gmt":"2018-08-18T10:30:12","guid":{"rendered":"http:\/\/kadioglu.com.tr\/en\/?page_id=4907"},"modified":"2025-01-13T10:18:36","modified_gmt":"2025-01-13T07:18:36","slug":"our-dealers","status":"publish","type":"page","link":"https:\/\/kadioglu.com.tr\/en\/our-dealers","title":{"rendered":"Our Dealers"},"content":{"rendered":"<p>[vc_row rt_row_background_width=&#8221;fullwidth&#8221; rt_row_content_width=&#8221;default&#8221; rt_row_style=&#8221;default-style&#8221; rt_row_height=&#8221;&#8221; rt_column_gaps=&#8221;&#8221; rt_row_shadows=&#8221;&#8221; rt_row_borders=&#8221;&#8221; rt_bg_effect=&#8221;classic&#8221; rt_bg_image_repeat=&#8221;repeat&#8221; rt_bg_size=&#8221;cover&#8221; rt_bg_position=&#8221;right top&#8221; rt_bg_attachment=&#8221;scroll&#8221; rt_bg_layer=&#8221;&#8221; rt_bg_video_format=&#8221;self-hosted&#8221;][vc_column width=&#8221;1\/3&#8243; rt_bg_effect=&#8221;classic&#8221; rt_bg_image_repeat=&#8221;repeat&#8221; rt_bg_size=&#8221;auto auto&#8221; rt_bg_position=&#8221;right top&#8221; rt_bg_attachment=&#8221;scroll&#8221;]<div class=\"rt-heading-wrapper style-2 rt-4178909\">\n\t\t\t\t\t\t<h4 class=\"rt-heading style-2\" >\u0130stanbul<\/h4>\n\t\t\t\t\t<\/div>[vc_column_text]<strong>AVEKS<\/strong><br \/>\n<strong>T<\/strong> : 0 216 540 00 60<br \/>\n<strong>F<\/strong> : 0 216 540 00 61<br \/>\n<strong>E<\/strong> : info@aveks.com<br \/>\n<strong>W<\/strong> : <a href=\"https:\/\/www.aveks.com\/tr\/ana-sayfa\/\" target=\"_blank\" rel=\"noopener\">www.aveks.com<\/a><br \/>\n<strong>A<\/strong> : \u0130mes Sanayi Sitesi C blok 306 Sk. No:4 Yukar\u0131 Dudullu &#8211; \u00dcmraniye \/ \u0130STANBUL[\/vc_column_text][\/vc_column][vc_column width=&#8221;1\/3&#8243; rt_bg_effect=&#8221;classic&#8221; rt_bg_image_repeat=&#8221;repeat&#8221; rt_bg_size=&#8221;auto auto&#8221; rt_bg_position=&#8221;right top&#8221; rt_bg_attachment=&#8221;scroll&#8221;]<div class=\"rt-heading-wrapper style-2 rt-1144723\">\n\t\t\t\t\t\t<h4 class=\"rt-heading style-2\" >Ankara<\/h4>\n\t\t\t\t\t<\/div>[vc_column_text]<strong>KARAYEL<\/strong><br \/>\n<strong>T<\/strong> : 0 312 267 04 47<br \/>\n<strong>F<\/strong> : 0 312 267 04 48<br \/>\n<strong>E<\/strong> : iletisim@karayelticaret.com.tr<br \/>\n<strong>W<\/strong> : <a href=\"https:\/\/www.karayelticaret.com.tr\/\" target=\"_blank\" rel=\"noopener\">www.karayelticaret.com.tr<\/a><br \/>\n<strong>A<\/strong> : D\u00f6k\u00fcmc\u00fcler Sanayi Sitesi 2. Sk. No:12 Sincan \/ ANKARA[\/vc_column_text][\/vc_column][vc_column width=&#8221;1\/3&#8243; rt_bg_effect=&#8221;classic&#8221; rt_bg_image_repeat=&#8221;repeat&#8221; rt_bg_size=&#8221;auto auto&#8221; rt_bg_position=&#8221;right top&#8221; rt_bg_attachment=&#8221;scroll&#8221;]<div class=\"rt-heading-wrapper style-2 rt-8867481\">\n\t\t\t\t\t\t<h4 class=\"rt-heading style-2\" >Konya<\/h4>\n\t\t\t\t\t<\/div>[vc_column_text]<strong>AN-MET<\/strong><br \/>\n<strong>T<\/strong> : 0 332 342 71 78<br \/>\n<strong>F<\/strong> : 0 332 342 74 38<br \/>\n<strong>E<\/strong> : anmet@anmet.com.tr<br \/>\n<strong>W<\/strong> : <a href=\"https:\/\/www.anmet.com.tr\/\" target=\"_blank\" rel=\"noopener\">www.anmet.com.tr<\/a><br \/>\n<strong>A<\/strong> : Fevzi \u00c7akmak Mah. H\u00fcdai Cad. Dem-Es Sanayi Sitesi 10618 Sk. No:22 Karatay \/ KONYA[\/vc_column_text][\/vc_column][\/vc_row][vc_row rt_row_background_width=&#8221;fullwidth&#8221; rt_row_content_width=&#8221;default&#8221; rt_row_style=&#8221;default-style&#8221; rt_row_height=&#8221;&#8221; rt_column_gaps=&#8221;&#8221; rt_row_shadows=&#8221;&#8221; rt_row_borders=&#8221;&#8221; rt_bg_effect=&#8221;classic&#8221; rt_bg_image_repeat=&#8221;repeat&#8221; rt_bg_size=&#8221;cover&#8221; rt_bg_position=&#8221;right top&#8221; rt_bg_attachment=&#8221;scroll&#8221; rt_bg_layer=&#8221;&#8221; rt_bg_video_format=&#8221;self-hosted&#8221;][vc_column width=&#8221;1\/3&#8243; rt_bg_effect=&#8221;classic&#8221; rt_bg_image_repeat=&#8221;repeat&#8221; rt_bg_size=&#8221;auto auto&#8221; rt_bg_position=&#8221;right top&#8221; rt_bg_attachment=&#8221;scroll&#8221;]<div class=\"rt-heading-wrapper style-2 rt-6229054\">\n\t\t\t\t\t\t<h4 class=\"rt-heading style-2\" >\u0130ZM\u0130R<\/h4>\n\t\t\t\t\t<\/div>[vc_column_text]<strong>D\u00d6SAN D\u00d6K\u00dcM<\/strong><br \/>\n<strong>T<\/strong> : 0 232 257 57 21<br \/>\n<strong>F<\/strong> : 0 232 257 57 22<br \/>\n<strong>E<\/strong> : info@dosandokum.com<br \/>\n<strong>W<\/strong> : <a href=\"https:\/\/www.dosandokum.com\/\" target=\"_blank\" rel=\"noopener\">www.dosandokum.com<\/a><br \/>\n<strong>A<\/strong> : Saim\u00e7\u0131kr\u0131k\u00e7\u0131 Cd. No: 85 K\u0131s\u0131kk\u00f6y Sanayi Sitesi \u0130ZM\u0130R \/ TURK\u0130YE[\/vc_column_text][\/vc_column][vc_column width=&#8221;1\/3&#8243; rt_bg_effect=&#8221;classic&#8221; rt_bg_image_repeat=&#8221;repeat&#8221; rt_bg_size=&#8221;auto auto&#8221; rt_bg_position=&#8221;right top&#8221; rt_bg_attachment=&#8221;scroll&#8221;]<div class=\"rt-heading-wrapper style-2 rt-3173626\">\n\t\t\t\t\t\t<h4 class=\"rt-heading style-2\" >BOZ\u00dcY\u00dcK \/ B\u0130LEC\u0130K<\/h4>\n\t\t\t\t\t<\/div>[vc_column_text]<strong>FERROTECH<\/strong><br \/>\n<strong>T<\/strong> : 0 228 314 8936<br \/>\n<strong>M<\/strong> : 0 533 330 8936<br \/>\n<strong>E<\/strong> : info@ferrotech.com.tr<br \/>\n<strong>W<\/strong> : <a href=\"https:\/\/www.ferrotech.com.tr \" target=\"_blank\" rel=\"noopener\">www.ferrotech.com.tr <\/a><br \/>\n<strong>A<\/strong> : A: 4 EYL\u00dcL Mah. Yeni Sanayi Sitesi 821. Sok. No:3\/D Boz\u00fcy\u00fck \/ Bilecik \/ T\u00fcrkiye[\/vc_column_text][\/vc_column][vc_column width=&#8221;1\/3&#8243; rt_bg_effect=&#8221;classic&#8221; rt_bg_image_repeat=&#8221;repeat&#8221; rt_bg_size=&#8221;auto auto&#8221; rt_bg_position=&#8221;right top&#8221; rt_bg_attachment=&#8221;scroll&#8221;]<div class=\"rt-heading-wrapper style-2 rt-7959902\">\n\t\t\t\t\t\t<h4 class=\"rt-heading style-2\" >FAS &#8211; CASABLANCA<\/h4>\n\t\t\t\t\t<\/div>[vc_column_text]<strong>CH\u0130M\u0130PLEX<\/strong><br \/>\n<strong>T<\/strong> : 05.2244 84 23<br \/>\n<strong>F<\/strong> : 05.2244 84 12<br \/>\n<strong>E<\/strong> : chimiplex@gmail.com<br \/>\n<strong>W<\/strong> : <a href=\"https:\/\/www.chimiplex.com\/\" target=\"_blank\" rel=\"noopener\">www.chimiplex.com<\/a><br \/>\n<strong>A<\/strong> : 62,64 rue d\u2019lfni Casablanca\u00a0\/\u00a0MOROCCO[\/vc_column_text][\/vc_column][\/vc_row]<\/p>\n","protected":false},"excerpt":{"rendered":"<p>[vc_row rt_row_background_width=&#8221;fullwidth&#8221; rt_row_content_width=&#8221;default&#8221; rt_row_style=&#8221;default-style&#8221; rt_row_height=&#8221;&#8221; rt_column_gaps=&#8221;&#8221; rt_row_shadows=&#8221;&#8221; rt_row_borders=&#8221;&#8221; rt_bg_effect=&#8221;classic&#8221; rt_bg_image_repeat=&#8221;repeat&#8221; rt_bg_size=&#8221;cover&#8221; rt_bg_position=&#8221;right top&#8221; rt_bg_attachment=&#8221;scroll&#8221; rt_bg_layer=&#8221;&#8221; rt_bg_video_format=&#8221;self-hosted&#8221;][vc_column width=&#8221;1\/3&#8243; rt_bg_effect=&#8221;classic&#8221; rt_bg_image_repeat=&#8221;repeat&#8221; rt_bg_size=&#8221;auto auto&#8221; rt_bg_position=&#8221;right top&#8221; rt_bg_attachment=&#8221;scroll&#8221;][vc_column_text]AVEKS T : 0 216 540 00 60 F : 0 216 540 00 61 E : info@aveks.com W : www.aveks.com A : \u0130mes Sanayi Sitesi C blok 306 Sk. No:4 Yukar\u0131 [&hellip;]<\/p>\n","protected":false},"author":1,"featured_media":0,"parent":0,"menu_order":0,"comment_status":"closed","ping_status":"closed","template":"","meta":{"footnotes":""},"class_list":["post-4907","page","type-page","status-publish","hentry"],"_links":{"self":[{"href":"https:\/\/kadioglu.com.tr\/en\/wp-json\/wp\/v2\/pages\/4907","targetHints":{"allow":["GET"]}}],"collection":[{"href":"https:\/\/kadioglu.com.tr\/en\/wp-json\/wp\/v2\/pages"}],"about":[{"href":"https:\/\/kadioglu.com.tr\/en\/wp-json\/wp\/v2\/types\/page"}],"author":[{"embeddable":true,"href":"https:\/\/kadioglu.com.tr\/en\/wp-json\/wp\/v2\/users\/1"}],"replies":[{"embeddable":true,"href":"https:\/\/kadioglu.com.tr\/en\/wp-json\/wp\/v2\/comments?post=4907"}],"version-history":[{"count":9,"href":"https:\/\/kadioglu.com.tr\/en\/wp-json\/wp\/v2\/pages\/4907\/revisions"}],"predecessor-version":[{"id":5078,"href":"https:\/\/kadioglu.com.tr\/en\/wp-json\/wp\/v2\/pages\/4907\/revisions\/5078"}],"wp:attachment":[{"href":"https:\/\/kadioglu.com.tr\/en\/wp-json\/wp\/v2\/media?parent=4907"}],"curies":[{"name":"wp","href":"https:\/\/api.w.org\/{rel}","templated":true}]}}