{"id":4964,"date":"2018-10-17T17:31:23","date_gmt":"2018-10-17T14:31:23","guid":{"rendered":"http:\/\/kadioglu.com.tr\/en\/?page_id=4964"},"modified":"2023-10-03T10:20:10","modified_gmt":"2023-10-03T07:20:10","slug":"tas-komuru-tozu","status":"publish","type":"page","link":"https:\/\/kadioglu.com.tr\/en\/tas-komuru-tozu","title":{"rendered":"TA\u015e K\u00d6M\u00dcR\u00dc TOZU"},"content":{"rendered":"<p>[vc_row rt_row_background_width=&#8221;fullwidth&#8221; rt_row_content_width=&#8221;default&#8221; rt_row_style=&#8221;default-style&#8221; rt_row_height=&#8221;&#8221; rt_column_gaps=&#8221;&#8221; rt_row_shadows=&#8221;&#8221; rt_row_borders=&#8221;bottom&#8221; rt_bg_effect=&#8221;classic&#8221; rt_bg_image_repeat=&#8221;repeat&#8221; rt_bg_size=&#8221;cover&#8221; rt_bg_position=&#8221;right top&#8221; rt_bg_attachment=&#8221;scroll&#8221; rt_bg_layer=&#8221;&#8221; rt_bg_video_format=&#8221;self-hosted&#8221; rt_class=&#8221;rt-7017679&#8243; rt_paddings=&#8221;40,40,,&#8221; rt_margins=&#8221;,,,&#8221; rt_content_margins=&#8221;,,,&#8221; rt_tablet_paddings=&#8221;,,,&#8221; rt_tablet_margins=&#8221;,,,&#8221; rt_tablet_content_margins=&#8221;,,,&#8221; rt_sp_paddings=&#8221;,,,&#8221; rt_sp_margins=&#8221;,,,&#8221; rt_sp_content_margins=&#8221;,,,&#8221;][vc_column width=&#8221;1\/3&#8243; rt_bg_effect=&#8221;classic&#8221; rt_bg_image_repeat=&#8221;repeat&#8221; rt_bg_size=&#8221;auto auto&#8221; rt_bg_position=&#8221;right top&#8221; rt_bg_attachment=&#8221;scroll&#8221; rt_col_paddings=&#8221;true&#8221; rt_wrp_col_paddings=&#8221;false&#8221; rt_class=&#8221;rt-9570666&#8243; rt_margins=&#8221;,&#8221; rt_paddings=&#8221;40px,40px,,&#8221; rt_wrapper_paddings=&#8221;,,,&#8221; rt_tablet_margins=&#8221;,&#8221; rt_tablet_paddings=&#8221;,,,&#8221; rt_tablet_wrapper_paddings=&#8221;,,,&#8221; rt_sp_margins=&#8221;,&#8221; rt_sp_paddings=&#8221;,,,&#8221; rt_sp_wrapper_paddings=&#8221;,,,&#8221; rt_bg_color=&#8221;&#8221; rt_bg_overlay_color=&#8221;&#8221;]<div class=\"rt-heading-wrapper style-2 rt-1843422\">\n\t\t\t\t\t\t<h4 class=\"rt-heading style-2\" >Our Products<\/h4>\n\t\t\t\t\t<\/div>[vc_wp_custommenu nav_menu=&#8221;29&#8243;][vc_single_image image=&#8221;4711&#8243; img_size=&#8221;full&#8221;][\/vc_column][vc_column width=&#8221;2\/3&#8243; rt_bg_effect=&#8221;classic&#8221; rt_bg_image_repeat=&#8221;repeat&#8221; rt_bg_size=&#8221;auto auto&#8221; rt_bg_position=&#8221;right top&#8221; rt_bg_attachment=&#8221;scroll&#8221; rt_col_paddings=&#8221;true&#8221; rt_wrp_col_paddings=&#8221;false&#8221; rt_class=&#8221;rt-7314671&#8243; rt_margins=&#8221;,&#8221; rt_paddings=&#8221;40px,40px,,&#8221; rt_wrapper_paddings=&#8221;,,,&#8221; rt_tablet_margins=&#8221;,&#8221; rt_tablet_paddings=&#8221;,,,&#8221; rt_tablet_wrapper_paddings=&#8221;,,,&#8221; rt_sp_margins=&#8221;,&#8221; rt_sp_paddings=&#8221;,,,&#8221; rt_sp_wrapper_paddings=&#8221;,,,&#8221; rt_bg_color=&#8221;&#8221; rt_bg_overlay_color=&#8221;&#8221;]<div class=\"rt-heading-wrapper style-2 rt-7004827\">\n\t\t\t\t\t\t<h4 class=\"rt-heading style-2\" >TA\u015e K\u00d6M\u00dcR TOZU (D\u00f6k\u00fcm Kumu Katk\u0131 Maddesi)<\/h4>\n\t\t\t\t\t<\/div>[vc_column_text]<\/p>\n<table border=\"0\" width=\"100%\" cellspacing=\"0\" cellpadding=\"0\">\n<tbody>\n<tr>\n<td width=\"25%\"><strong>Kullan\u0131m Yeri<\/strong><\/td>\n<td width=\"75%\">: D\u00f6k\u00fcm Kumu<\/td>\n<\/tr>\n<tr>\n<td width=\"25%\"><strong>Kullan\u0131m Amac\u0131<\/strong><\/td>\n<td width=\"75%\">: Kum tesisinde % yan\u0131c\u0131 maddeyi ayarlamak i\u00e7in kullan\u0131l\u0131r. D\u00f6k\u00fcm par\u00e7a y\u00fczey kalitesini artt\u0131rmak amac\u0131 ile ilave edilir<\/td>\n<\/tr>\n<tr>\n<td width=\"25%\"><strong>Standart No<\/strong><\/td>\n<td width=\"75%\">: TS 5123 (Referans olarak)<\/td>\n<\/tr>\n<tr>\n<td width=\"25%\"><strong>Standart Yay\u0131n Tarihi<\/strong><\/td>\n<td width=\"75%\">: Mart 1987<\/td>\n<\/tr>\n<\/tbody>\n<\/table>\n<p>[\/vc_column_text][vc_column_text]<\/p>\n<table border=\"1\" width=\"100%\" cellspacing=\"0\" cellpadding=\"0\">\n<tbody>\n<tr>\n<td style=\"text-align: center;\" rowspan=\"2\" width=\"110\">\u00dcR\u00dcN KODU<\/td>\n<td style=\"text-align: center;\" colspan=\"5\" width=\"550\">K\u0130MYASAL \u00d6ZELL\u0130K<\/td>\n<td style=\"text-align: center;\" width=\"142\">F\u0130Z\u0130KSEL \u00d6ZELL\u0130K<\/td>\n<\/tr>\n<tr>\n<td style=\"text-align: center;\">NEM %<\/td>\n<td style=\"text-align: center;\">K\u00dcL %<\/td>\n<td style=\"text-align: center;\">U\u00c7UCU %<\/td>\n<td style=\"text-align: center;\">KARBON %<\/td>\n<td style=\"text-align: center;\">K\u00dcK\u00dcRT %<\/td>\n<td style=\"text-align: center;\">AFS<\/td>\n<\/tr>\n<tr>\n<td style=\"text-align: center;\">KAD &#8211; 101<\/td>\n<td style=\"text-align: center;\">0 &#8211; 3<\/td>\n<td style=\"text-align: center;\">0 &#8211; 10<\/td>\n<td style=\"text-align: center;\">30 &#8211; 42<\/td>\n<td style=\"text-align: center;\">50 &#8211; 60<\/td>\n<td style=\"text-align: center;\">0 &#8211; 1<\/td>\n<td style=\"text-align: center;\">140 &#8211; 200<\/td>\n<\/tr>\n<tr>\n<td style=\"text-align: center;\">KAD &#8211; 201<\/td>\n<td style=\"text-align: center;\">0 &#8211; 3<\/td>\n<td style=\"text-align: center;\">0 &#8211; 10<\/td>\n<td style=\"text-align: center;\">30 &#8211; 42<\/td>\n<td style=\"text-align: center;\">50 &#8211; 60<\/td>\n<td style=\"text-align: center;\">0 &#8211; 1<\/td>\n<td style=\"text-align: center;\">100 &#8211; 140<\/td>\n<\/tr>\n<tr>\n<td style=\"text-align: center;\">KAD &#8211; 301<\/td>\n<td style=\"text-align: center;\">0 &#8211; 3<\/td>\n<td style=\"text-align: center;\">0 &#8211; 10<\/td>\n<td style=\"text-align: center;\">30 &#8211; 42<\/td>\n<td style=\"text-align: center;\">50 &#8211; 60<\/td>\n<td style=\"text-align: center;\">0 &#8211; 1<\/td>\n<td style=\"text-align: center;\">80 &#8211; 100<\/td>\n<\/tr>\n<tr>\n<td style=\"text-align: center;\">KAD &#8211; 401<\/td>\n<td style=\"text-align: center;\">0 &#8211; 3<\/td>\n<td style=\"text-align: center;\">0 &#8211; 10<\/td>\n<td style=\"text-align: center;\">30 &#8211; 42<\/td>\n<td style=\"text-align: center;\">50 &#8211; 60<\/td>\n<td style=\"text-align: center;\">0 &#8211; 1<\/td>\n<td style=\"text-align: center;\">70 &#8211; 85<\/td>\n<\/tr>\n<\/tbody>\n<\/table>\n<p>[\/vc_column_text][vc_column_text]<strong>Ta\u015fk\u00f6m\u00fcr Tozu (D\u00f6k\u00fcm kumu katk\u0131 maddesi)<\/strong><\/p>\n<p>Ta\u015f K\u00f6m\u00fcr Tozu, hammaddesi kokla\u015fabilir \u00f6zelli\u011fe sahip, lavarl\u0131 (k\u00f6m\u00fcr harici; ta\u015f, toprak, odunsu vs. yabanc\u0131 malzemenin ayr\u0131\u015ft\u0131rma i\u015flemi) Ta\u015f k\u00f6m\u00fcr\u00fcd\u00fcr.<\/p>\n<p>\u00dcr\u00fcn\u00fcm\u00fcz, d\u00f6k\u00fcm fabrikalar\u0131nda, d\u00f6k\u00fcm par\u00e7a y\u00fczeyi kalitesini art\u0131rmada, y\u00fczde yan\u0131c\u0131 maddeyi ayarlamak i\u00e7in kullan\u0131l\u0131r.<\/p>\n<p>D\u00f6k\u00fcm kumu katk\u0131 maddesi olarak kullan\u0131lan Ta\u015f K\u00f6m\u00fcr Tozu TSE belgeli olup, TS 5123 standard\u0131 kalitesinde t\u00fcketicilerin spesifik taleplerine g\u00f6re kimyasal ve fiziksel analiz de\u011ferlerine uygun olarak \u00fcretilir. \u00dcretim uygunlu\u011fu firmam\u0131z b\u00fcnyesindeki laboratuvarda titiz bir \u015fekilde kontrol edilir.[\/vc_column_text][\/vc_column][\/vc_row]<\/p>\n","protected":false},"excerpt":{"rendered":"<p>[vc_row rt_row_background_width=&#8221;fullwidth&#8221; rt_row_content_width=&#8221;default&#8221; rt_row_style=&#8221;default-style&#8221; rt_row_height=&#8221;&#8221; rt_column_gaps=&#8221;&#8221; rt_row_shadows=&#8221;&#8221; rt_row_borders=&#8221;bottom&#8221; rt_bg_effect=&#8221;classic&#8221; rt_bg_image_repeat=&#8221;repeat&#8221; rt_bg_size=&#8221;cover&#8221; rt_bg_position=&#8221;right top&#8221; rt_bg_attachment=&#8221;scroll&#8221; rt_bg_layer=&#8221;&#8221; rt_bg_video_format=&#8221;self-hosted&#8221; rt_class=&#8221;rt-7017679&#8243; rt_paddings=&#8221;40,40,,&#8221; rt_margins=&#8221;,,,&#8221; rt_content_margins=&#8221;,,,&#8221; rt_tablet_paddings=&#8221;,,,&#8221; rt_tablet_margins=&#8221;,,,&#8221; rt_tablet_content_margins=&#8221;,,,&#8221; rt_sp_paddings=&#8221;,,,&#8221; rt_sp_margins=&#8221;,,,&#8221; rt_sp_content_margins=&#8221;,,,&#8221;][vc_column width=&#8221;1\/3&#8243; rt_bg_effect=&#8221;classic&#8221; rt_bg_image_repeat=&#8221;repeat&#8221; rt_bg_size=&#8221;auto auto&#8221; rt_bg_position=&#8221;right top&#8221; rt_bg_attachment=&#8221;scroll&#8221; rt_col_paddings=&#8221;true&#8221; rt_wrp_col_paddings=&#8221;false&#8221; rt_class=&#8221;rt-9570666&#8243; rt_margins=&#8221;,&#8221; rt_paddings=&#8221;40px,40px,,&#8221; rt_wrapper_paddings=&#8221;,,,&#8221; rt_tablet_margins=&#8221;,&#8221; rt_tablet_paddings=&#8221;,,,&#8221; rt_tablet_wrapper_paddings=&#8221;,,,&#8221; rt_sp_margins=&#8221;,&#8221; rt_sp_paddings=&#8221;,,,&#8221; rt_sp_wrapper_paddings=&#8221;,,,&#8221; rt_bg_color=&#8221;&#8221; rt_bg_overlay_color=&#8221;&#8221;][vc_wp_custommenu nav_menu=&#8221;29&#8243;][vc_single_image image=&#8221;4711&#8243; img_size=&#8221;full&#8221;][\/vc_column][vc_column width=&#8221;2\/3&#8243; rt_bg_effect=&#8221;classic&#8221; rt_bg_image_repeat=&#8221;repeat&#8221; rt_bg_size=&#8221;auto [&hellip;]<\/p>\n","protected":false},"author":1,"featured_media":0,"parent":0,"menu_order":0,"comment_status":"closed","ping_status":"closed","template":"","meta":{"footnotes":""},"class_list":["post-4964","page","type-page","status-publish","hentry"],"_links":{"self":[{"href":"https:\/\/kadioglu.com.tr\/en\/wp-json\/wp\/v2\/pages\/4964","targetHints":{"allow":["GET"]}}],"collection":[{"href":"https:\/\/kadioglu.com.tr\/en\/wp-json\/wp\/v2\/pages"}],"about":[{"href":"https:\/\/kadioglu.com.tr\/en\/wp-json\/wp\/v2\/types\/page"}],"author":[{"embeddable":true,"href":"https:\/\/kadioglu.com.tr\/en\/wp-json\/wp\/v2\/users\/1"}],"replies":[{"embeddable":true,"href":"https:\/\/kadioglu.com.tr\/en\/wp-json\/wp\/v2\/comments?post=4964"}],"version-history":[{"count":5,"href":"https:\/\/kadioglu.com.tr\/en\/wp-json\/wp\/v2\/pages\/4964\/revisions"}],"predecessor-version":[{"id":5048,"href":"https:\/\/kadioglu.com.tr\/en\/wp-json\/wp\/v2\/pages\/4964\/revisions\/5048"}],"wp:attachment":[{"href":"https:\/\/kadioglu.com.tr\/en\/wp-json\/wp\/v2\/media?parent=4964"}],"curies":[{"name":"wp","href":"https:\/\/api.w.org\/{rel}","templated":true}]}}