{"id":4985,"date":"2018-10-18T17:06:55","date_gmt":"2018-10-18T14:06:55","guid":{"rendered":"http:\/\/kadioglu.com.tr\/en\/?page_id=4985"},"modified":"2018-10-18T17:39:03","modified_gmt":"2018-10-18T14:39:03","slug":"tas-komur-pres","status":"publish","type":"page","link":"https:\/\/kadioglu.com.tr\/en\/tas-komur-pres","title":{"rendered":"TA\u015e K\u00d6M\u00dcR PRES"},"content":{"rendered":"<p>[vc_row rt_row_background_width=&#8221;fullwidth&#8221; rt_row_content_width=&#8221;default&#8221; rt_row_style=&#8221;default-style&#8221; rt_row_height=&#8221;&#8221; rt_column_gaps=&#8221;&#8221; rt_row_shadows=&#8221;&#8221; rt_row_borders=&#8221;bottom&#8221; rt_bg_effect=&#8221;classic&#8221; rt_bg_image_repeat=&#8221;repeat&#8221; rt_bg_size=&#8221;cover&#8221; rt_bg_position=&#8221;right top&#8221; rt_bg_attachment=&#8221;scroll&#8221; rt_bg_layer=&#8221;&#8221; rt_bg_video_format=&#8221;self-hosted&#8221; rt_class=&#8221;rt-7017679&#8243; rt_paddings=&#8221;40,40,,&#8221; rt_margins=&#8221;,,,&#8221; rt_content_margins=&#8221;,,,&#8221; rt_tablet_paddings=&#8221;,,,&#8221; rt_tablet_margins=&#8221;,,,&#8221; rt_tablet_content_margins=&#8221;,,,&#8221; rt_sp_paddings=&#8221;,,,&#8221; rt_sp_margins=&#8221;,,,&#8221; rt_sp_content_margins=&#8221;,,,&#8221;][vc_column width=&#8221;1\/3&#8243; rt_bg_effect=&#8221;classic&#8221; rt_bg_image_repeat=&#8221;repeat&#8221; rt_bg_size=&#8221;auto auto&#8221; rt_bg_position=&#8221;right top&#8221; rt_bg_attachment=&#8221;scroll&#8221; rt_col_paddings=&#8221;true&#8221; rt_wrp_col_paddings=&#8221;false&#8221; rt_class=&#8221;rt-9570666&#8243; rt_margins=&#8221;,&#8221; rt_paddings=&#8221;40px,40px,,&#8221; rt_wrapper_paddings=&#8221;,,,&#8221; rt_tablet_margins=&#8221;,&#8221; rt_tablet_paddings=&#8221;,,,&#8221; rt_tablet_wrapper_paddings=&#8221;,,,&#8221; rt_sp_margins=&#8221;,&#8221; rt_sp_paddings=&#8221;,,,&#8221; rt_sp_wrapper_paddings=&#8221;,,,&#8221; rt_bg_color=&#8221;&#8221; rt_bg_overlay_color=&#8221;&#8221;]<div class=\"rt-heading-wrapper style-2 rt-2135344\">\n\t\t\t\t\t\t<h4 class=\"rt-heading style-2\" >\u00dcr\u00fcnlerimiz<\/h4>\n\t\t\t\t\t<\/div>[vc_wp_custommenu nav_menu=&#8221;29&#8243;][\/vc_column][vc_column width=&#8221;2\/3&#8243; rt_bg_effect=&#8221;classic&#8221; rt_bg_image_repeat=&#8221;repeat&#8221; rt_bg_size=&#8221;auto auto&#8221; rt_bg_position=&#8221;right top&#8221; rt_bg_attachment=&#8221;scroll&#8221; rt_col_paddings=&#8221;true&#8221; rt_wrp_col_paddings=&#8221;false&#8221; rt_class=&#8221;rt-7314671&#8243; rt_margins=&#8221;,&#8221; rt_paddings=&#8221;40px,40px,,&#8221; rt_wrapper_paddings=&#8221;,,,&#8221; rt_tablet_margins=&#8221;,&#8221; rt_tablet_paddings=&#8221;,,,&#8221; rt_tablet_wrapper_paddings=&#8221;,,,&#8221; rt_sp_margins=&#8221;,&#8221; rt_sp_paddings=&#8221;,,,&#8221; rt_sp_wrapper_paddings=&#8221;,,,&#8221; rt_bg_color=&#8221;&#8221; rt_bg_overlay_color=&#8221;&#8221;][vc_row_inner rt_row_background_width=&#8221;fullwidth&#8221; rt_row_content_width=&#8221;default&#8221; rt_row_style=&#8221;global-style&#8221; rt_row_height=&#8221;&#8221; rt_column_gaps=&#8221;&#8221; rt_row_borders=&#8221;&#8221; rt_bg_effect=&#8221;classic&#8221; rt_bg_image_repeat=&#8221;repeat&#8221; rt_bg_size=&#8221;cover&#8221; rt_bg_position=&#8221;right top&#8221; rt_bg_attachment=&#8221;scroll&#8221; rt_bg_layer=&#8221;&#8221; rt_bg_video_format=&#8221;self-hosted&#8221; rt_class=&#8221;rt-6458179&#8243; rt_paddings=&#8221;0,0,0,0&#8243; rt_margins=&#8221;,,0,0&#8243; rt_content_margins=&#8221;,,0,0&#8243; rt_tablet_paddings=&#8221;,,,&#8221; rt_tablet_margins=&#8221;,,,&#8221; rt_tablet_content_margins=&#8221;,,,&#8221; rt_sp_paddings=&#8221;,,,&#8221; rt_sp_margins=&#8221;,,,&#8221; rt_sp_content_margins=&#8221;,,,&#8221;][vc_column_inner width=&#8221;1\/2&#8243; rt_bg_effect=&#8221;classic&#8221; rt_bg_image_repeat=&#8221;repeat&#8221; rt_bg_size=&#8221;auto auto&#8221; rt_bg_position=&#8221;right top&#8221; rt_bg_attachment=&#8221;scroll&#8221;]<div class=\"rt-heading-wrapper style-2 rt-6580328\">\n\t\t\t\t\t\t<h4 class=\"rt-heading style-2\" >TA\u015e K\u00d6M\u00dcR PRES<\/h4>\n\t\t\t\t\t<\/div>[vc_column_text]Yakma ama\u00e7l\u0131, soba, kalorifer ve \u015f\u00f6minede kullan\u0131l\u0131r. 15 &#8211; 25 kg. paketler halinde sevk edilir.[\/vc_column_text][\/vc_column_inner][vc_column_inner width=&#8221;1\/2&#8243; rt_bg_effect=&#8221;classic&#8221; rt_bg_image_repeat=&#8221;repeat&#8221; rt_bg_size=&#8221;auto auto&#8221; rt_bg_position=&#8221;right top&#8221; rt_bg_attachment=&#8221;scroll&#8221;][vc_single_image image=&#8221;4980&#8243; img_size=&#8221;full&#8221; style=&#8221;vc_box_shadow_border&#8221; onclick=&#8221;link_image&#8221;][\/vc_column_inner][\/vc_row_inner][\/vc_column][\/vc_row]<\/p>\n","protected":false},"excerpt":{"rendered":"<p>[vc_row rt_row_background_width=&#8221;fullwidth&#8221; rt_row_content_width=&#8221;default&#8221; rt_row_style=&#8221;default-style&#8221; rt_row_height=&#8221;&#8221; rt_column_gaps=&#8221;&#8221; rt_row_shadows=&#8221;&#8221; rt_row_borders=&#8221;bottom&#8221; rt_bg_effect=&#8221;classic&#8221; rt_bg_image_repeat=&#8221;repeat&#8221; rt_bg_size=&#8221;cover&#8221; rt_bg_position=&#8221;right top&#8221; rt_bg_attachment=&#8221;scroll&#8221; rt_bg_layer=&#8221;&#8221; rt_bg_video_format=&#8221;self-hosted&#8221; rt_class=&#8221;rt-7017679&#8243; rt_paddings=&#8221;40,40,,&#8221; rt_margins=&#8221;,,,&#8221; rt_content_margins=&#8221;,,,&#8221; rt_tablet_paddings=&#8221;,,,&#8221; rt_tablet_margins=&#8221;,,,&#8221; rt_tablet_content_margins=&#8221;,,,&#8221; rt_sp_paddings=&#8221;,,,&#8221; rt_sp_margins=&#8221;,,,&#8221; rt_sp_content_margins=&#8221;,,,&#8221;][vc_column width=&#8221;1\/3&#8243; rt_bg_effect=&#8221;classic&#8221; rt_bg_image_repeat=&#8221;repeat&#8221; rt_bg_size=&#8221;auto auto&#8221; rt_bg_position=&#8221;right top&#8221; rt_bg_attachment=&#8221;scroll&#8221; rt_col_paddings=&#8221;true&#8221; rt_wrp_col_paddings=&#8221;false&#8221; rt_class=&#8221;rt-9570666&#8243; rt_margins=&#8221;,&#8221; rt_paddings=&#8221;40px,40px,,&#8221; rt_wrapper_paddings=&#8221;,,,&#8221; rt_tablet_margins=&#8221;,&#8221; rt_tablet_paddings=&#8221;,,,&#8221; rt_tablet_wrapper_paddings=&#8221;,,,&#8221; rt_sp_margins=&#8221;,&#8221; rt_sp_paddings=&#8221;,,,&#8221; rt_sp_wrapper_paddings=&#8221;,,,&#8221; rt_bg_color=&#8221;&#8221; rt_bg_overlay_color=&#8221;&#8221;][vc_wp_custommenu nav_menu=&#8221;29&#8243;][\/vc_column][vc_column width=&#8221;2\/3&#8243; rt_bg_effect=&#8221;classic&#8221; rt_bg_image_repeat=&#8221;repeat&#8221; rt_bg_size=&#8221;auto auto&#8221; rt_bg_position=&#8221;right [&hellip;]<\/p>\n","protected":false},"author":1,"featured_media":0,"parent":0,"menu_order":0,"comment_status":"closed","ping_status":"closed","template":"","meta":{"footnotes":""},"class_list":["post-4985","page","type-page","status-publish","hentry"],"_links":{"self":[{"href":"https:\/\/kadioglu.com.tr\/en\/wp-json\/wp\/v2\/pages\/4985","targetHints":{"allow":["GET"]}}],"collection":[{"href":"https:\/\/kadioglu.com.tr\/en\/wp-json\/wp\/v2\/pages"}],"about":[{"href":"https:\/\/kadioglu.com.tr\/en\/wp-json\/wp\/v2\/types\/page"}],"author":[{"embeddable":true,"href":"https:\/\/kadioglu.com.tr\/en\/wp-json\/wp\/v2\/users\/1"}],"replies":[{"embeddable":true,"href":"https:\/\/kadioglu.com.tr\/en\/wp-json\/wp\/v2\/comments?post=4985"}],"version-history":[{"count":4,"href":"https:\/\/kadioglu.com.tr\/en\/wp-json\/wp\/v2\/pages\/4985\/revisions"}],"predecessor-version":[{"id":5002,"href":"https:\/\/kadioglu.com.tr\/en\/wp-json\/wp\/v2\/pages\/4985\/revisions\/5002"}],"wp:attachment":[{"href":"https:\/\/kadioglu.com.tr\/en\/wp-json\/wp\/v2\/media?parent=4985"}],"curies":[{"name":"wp","href":"https:\/\/api.w.org\/{rel}","templated":true}]}}